{"id":93535,"date":"2018-04-12T13:55:19","date_gmt":"2018-04-12T20:55:19","guid":{"rendered":"https:\/\/www.newcomersjobscanada.ca\/trouver-un-emploi\/"},"modified":"2018-04-12T13:55:19","modified_gmt":"2018-04-12T20:55:19","slug":"trouver-un-emploi","status":"publish","type":"page","link":"https:\/\/www.newcomersjobscanada.ca\/fr\/trouver-un-emploi\/","title":{"rendered":"Trouver un emploi"},"content":{"rendered":"<div class=\"job_listings\" data-location=\"\" data-keywords=\"\" data-show_filters=\"true\" data-show_pagination=\"false\" data-per_page=\"10\" data-orderby=\"featured\" data-order=\"DESC\" data-categories=\"\" data-disable-form-state-storage=\"1\" data-featured_first=\"false\" data-post_id=\"93535\" >\n<form class=\"job_filters\">\n\t\n\t<div class=\"search_jobs\">\n\t\t\n\t\t<div class=\"search_keywords\">\n\t\t\t<label for=\"search_keywords\">Mots-cl\u00e9s<\/label>\n\t\t\t<input type=\"text\" name=\"search_keywords\" id=\"search_keywords\" placeholder=\"Mots-cl\u00e9s\" value=\"\" \/>\n\t\t<\/div>\n\n\t\t<div class=\"search_location\">\n\t\t\t<label for=\"search_location\">Localisation<\/label>\n\t\t\t<input type=\"text\" name=\"search_location\" id=\"search_location\" placeholder=\"Localisation\" value=\"\" \/>\n\t\t<\/div>\n\n\t\t\t\t\t<div class=\"search_remote_position\">\n\t\t\t\t<input type=\"checkbox\" class=\"input-checkbox\" name=\"remote_position\" id=\"remote_position\" placeholder=\"Localisation\" value=\"1\"  \/>\n\t\t\t\t<label for=\"remote_position\" id=\"remote_position_label\">Postes en t\u00e9l\u00e9travail uniquement<\/label>\n\t\t\t<\/div>\n\t\t\n\t\t<div style=\"clear: both\"><\/div>\n\n\t\t\t\t\t<div class=\"search_categories\">\n\t\t\t\t<label for=\"search_categories\">Cat\u00e9gorie<\/label>\n\t\t\t\t\t\t\t\t\t<select name='search_categories[]' id='search_categories' class='job-manager-category-dropdown ' multiple='multiple' data-placeholder='Choisissez une cat\u00e9gorie&hellip;' data-no_results_text='Aucun r\u00e9sultat' data-multiple_text='Choisir une option'>\n\t<option class=\"level-0\" value=\"2059\">Agriculture, horticulture et p\u00eache<\/option>\n\t<option class=\"level-0\" value=\"2062\">Automobile<\/option>\n\t<option class=\"level-0\" value=\"2065\">Distribution, entreposage et logistique<\/option>\n\t<option class=\"level-0\" value=\"2108\">Fabrication<\/option>\n\t<option class=\"level-0\" value=\"2071\">Finance et comptabilit\u00e9<\/option>\n\t<option class=\"level-0\" value=\"2077\">H\u00f4tels, restauration et tourisme<\/option>\n\t<option class=\"level-0\" value=\"2075\">Services de sant\u00e9, de beaut\u00e9 et de soins personnels<\/option>\n\t<option class=\"level-0\" value=\"2076\">Soins de sant\u00e9<\/option>\n\t<option class=\"level-0\" value=\"2123\">T\u00e9l\u00e9communications<\/option>\n<\/select>\n\t\t\t\t\t\t\t<\/div>\n\t\t\n\t\t\t\t\t<div class=\"search_submit\">\n\t\t\t\t<input type=\"submit\" value=\"Rechercher des offres d\u2019emploi\">\n\t\t\t<\/div>\n\t\t\n\t\t\t\t<div class=\"search_submit\">\n\t\t\t<input type=\"submit\" name=\"submit\" value=\"Recherche\" \/>\n\t\t<\/div>\n\t<div class=\"filter_wide filter_by_tag\">Filtrer par balise : <span class=\"filter_by_tag_cloud\"><\/span><\/div>\t<\/div>\n\n\t\t<ul class=\"job_types\">\n\t\t\t\t\t<li><label for=\"job_type_term-contract\" class=\"contractuel\"><input type=\"checkbox\" name=\"filter_job_type[]\" value=\"term-contract\"  checked='checked' id=\"job_type_term-contract\" \/> Contractuel<\/label><\/li>\n\t\t\t\t\t<li><label for=\"job_type_summer\" class=\"emploi-estival\"><input type=\"checkbox\" name=\"filter_job_type[]\" value=\"summer\"  checked='checked' id=\"job_type_summer\" \/> Emploi Estival<\/label><\/li>\n\t\t\t\t\t<li><label for=\"job_type_work-experience\" class=\"experience-de-travail\"><input type=\"checkbox\" name=\"filter_job_type[]\" value=\"work-experience\"  checked='checked' id=\"job_type_work-experience\" \/> Exp\u00e9rience de travail<\/label><\/li>\n\t\t\t\t\t<li><label for=\"job_type_casual\" class=\"occasionnel\"><input type=\"checkbox\" name=\"filter_job_type[]\" value=\"casual\"  checked='checked' id=\"job_type_casual\" \/> Occasionnel<\/label><\/li>\n\t\t\t\t\t<li><label for=\"job_type_seasonal\" class=\"saisonnier\"><input type=\"checkbox\" name=\"filter_job_type[]\" value=\"seasonal\"  checked='checked' id=\"job_type_seasonal\" \/> Saisonnier<\/label><\/li>\n\t\t\t\t\t<li><label for=\"job_type_internship\" class=\"stage\"><input type=\"checkbox\" name=\"filter_job_type[]\" value=\"internship\"  checked='checked' id=\"job_type_internship\" \/> Stage<\/label><\/li>\n\t\t\t\t\t<li><label for=\"job_type_temporary\" class=\"temporaire\"><input type=\"checkbox\" name=\"filter_job_type[]\" value=\"temporary\"  checked='checked' id=\"job_type_temporary\" \/> Temporaire<\/label><\/li>\n\t\t\t\t\t<li><label for=\"job_type_part-time\" class=\"temps-partiel\"><input type=\"checkbox\" name=\"filter_job_type[]\" value=\"part-time\"  checked='checked' id=\"job_type_part-time\" \/> Temps Partiel<\/label><\/li>\n\t\t\t\t\t<li><label for=\"job_type_full-time\" class=\"temps-plein\"><input type=\"checkbox\" name=\"filter_job_type[]\" value=\"full-time\"  checked='checked' id=\"job_type_full-time\" \/> Temps Plein<\/label><\/li>\n\t\t\t\t\t<li><label for=\"job_type_volunteer\" class=\"volontaire\"><input type=\"checkbox\" name=\"filter_job_type[]\" value=\"volunteer\"  checked='checked' id=\"job_type_volunteer\" \/> Volontaire<\/label><\/li>\n\t\t\t<\/ul>\n\t<input type=\"hidden\" name=\"filter_job_type[]\" value=\"\" \/>\n<div class=\"showing_jobs\"><\/div><\/form>\n\n\n<noscript>Votre navigateur ne supporte pas JavaScript, ou bien JavaScript est d\u00e9sactiv\u00e9. JavaScript doit \u00eatre activ\u00e9 pour pouvoir visualiser des postes.<\/noscript>\n<ul class=\"job_listings\">\n<\/ul>\n<a class=\"load_more_jobs\" href=\"#\" style=\"display:none;\"><strong>Afficher plus d\u2019offres<\/strong><\/a><dialog class=\"jm-dialog\" id=\"jm_add_alert_modal\">\n\t<div class=\"jm-dialog-open\">\n\t\t<div class=\"jm-dialog-backdrop\" onclick=\"jm_add_alert_modal.close()\"><\/div>\n\t\t<div class=\"jm-dialog-modal \" style=\"width: 500px;\">\n\t\t\t<div class=\"jm-dialog-modal-container\">\n\t\t\t\t<div class=\"jm-dialog-modal-content\">\n<div class=\"jm-notice has-actions has-header\" role=\"status\">\n\t\t\t<div class=\"jm-notice__header\">\n\t\t\t\t\t\t<div class=\"jm-notice__title\">Ajouter une alerte<\/div>\n\t\t<\/div>\n\t\t\t\t<div\n\t\t\tclass=\"jm-notice__message-wrap\">\n\t\t\t\t\t\t\t\t\t<div\n\t\t\t\tclass=\"jm-notice__message  \">Connectez-vous ou cr\u00e9ez un compte pour poursuivre.<\/div>\n\t\t<\/div>\n\t\t\t\t\t<div class=\"jm-notice__footer\">\n\t\t\t<div class=\"jm-ui-actions-row\"><a class=\"jm-ui-button \" href=\"https:\/\/www.newcomersjobscanada.ca\/fr\/wp-login.php?redirect_to=https%3A%2F%2Fwww.newcomersjobscanada.ca%2Ffr%2Ftrouver-un-emploi%2F\"><span>Connexion<\/span><\/a><a class=\"jm-ui-button--outline \" href=\"https:\/\/www.newcomersjobscanada.ca\/fr\/wp-login.php?action=register\"><span>Cr\u00e9er un compte<\/span><\/a><\/div>\t\t<\/div>\n\t<\/div>\n<\/div>\n\t\t\t\t<a href=\"#\" role=\"button\" class=\"jm-ui-button--icon jm-dialog-close\" onclick=\"jm_add_alert_modal.close();  event.preventDefault();\" aria-label=\"Fermer\"><span class=\"jm-ui-button__icon\"><\/span><\/a>\n\t\t\t<\/div>\n\t\t<\/div>\n\t<\/div>\n<\/dialog><\/div>\n","protected":false},"excerpt":{"rendered":"","protected":false},"author":1,"featured_media":0,"parent":0,"menu_order":0,"comment_status":"closed","ping_status":"closed","template":"page-templates\/map-jobs.php","meta":{"_acf_changed":false,"footnotes":""},"class_list":["post-93535","page","type-page","status-publish","hentry"],"acf":[],"_links":{"self":[{"href":"https:\/\/www.newcomersjobscanada.ca\/fr\/wp-json\/wp\/v2\/pages\/93535","targetHints":{"allow":["GET"]}}],"collection":[{"href":"https:\/\/www.newcomersjobscanada.ca\/fr\/wp-json\/wp\/v2\/pages"}],"about":[{"href":"https:\/\/www.newcomersjobscanada.ca\/fr\/wp-json\/wp\/v2\/types\/page"}],"author":[{"embeddable":true,"href":"https:\/\/www.newcomersjobscanada.ca\/fr\/wp-json\/wp\/v2\/users\/1"}],"replies":[{"embeddable":true,"href":"https:\/\/www.newcomersjobscanada.ca\/fr\/wp-json\/wp\/v2\/comments?post=93535"}],"version-history":[{"count":0,"href":"https:\/\/www.newcomersjobscanada.ca\/fr\/wp-json\/wp\/v2\/pages\/93535\/revisions"}],"wp:attachment":[{"href":"https:\/\/www.newcomersjobscanada.ca\/fr\/wp-json\/wp\/v2\/media?parent=93535"}],"curies":[{"name":"wp","href":"https:\/\/api.w.org\/{rel}","templated":true}]}}